{"id":934,"date":"2015-10-15T18:15:30","date_gmt":"2015-10-15T16:15:30","guid":{"rendered":"https:\/\/www.immobiliarelessona.it\/?page_id=934"},"modified":"2018-07-21T10:04:35","modified_gmt":"2018-07-21T08:04:35","slug":"informativa-privacy-e-cookies","status":"publish","type":"page","link":"https:\/\/www.immobiliarelessona.it\/zh\/informativa-privacy-e-cookies\/","title":{"rendered":"Informativa Privacy e Cookies"},"content":{"rendered":"<h3 style=\"text-align: justify;\">Informativa sulla tutela dei dati personali e sull&#8217;utilizzo dei cookie ai sensi<br \/>\ndel Regolamento (UE) 2016\/679 (&#8220;GDPR&#8221;)<\/h3>\n<p style=\"text-align: justify;\">\nGentile Cliente,<br \/>\nla societ\u00e0 Immobiliare Lessona Di Cilli Marco, con sede legale in Via Carolina Invernizio, 1 &#8211; 20157 Miano (MI) (di seguito, la<br \/>\n&#8220;Societ\u00e0&#8221;), \u00e8 il Titolare del trattamento dei dati da Lei forniti al momento della registrazione sul sito, o comunque acquisiti in<br \/>\nsede di prestazione dei servizi a cui Lei pu\u00f2 accedere. E&#8217; possibile inviare richieste o comunicazioni al Titolare all&#8217;indirizzo<br \/>\nemail (info@immobiliarelessona.it.<br \/>\nL&#8217;accesso al sito non richiede l&#8217;inserimento delle proprie generalit\u00e0.<br \/>\nPer l&#8217;eventuale fruizione del servizio on line &#8216;contatti&#8217; e per avere accesso ad altri servizi aggiuntivi, dovr\u00e0 inserire i Suoi dati<br \/>\npersonali in apposite sezioni del sito.<br \/>\nI dati inseriti verranno trattati con misure di sicurezza adeguate agli attuali standard tecnologici e rispettando gli obblighi<br \/>\nprevisti dal Regolamento (UE) 2016\/679 sulla protezione dei dati personali (&#8220;GDPR&#8221;).<br \/>\nSecondo la normativa indicata, tale trattamento sar\u00e0 improntato ai principi di correttezza, liceit\u00e0 e trasparenza e di tutela<br \/>\ndella Sua riservatezza e dei Suoi diritti. La seguente informativa \u00e8 relativa solamente al presente sito e non riguarda altri siti<br \/>\nweb eventualmente consultati dall&#8217;utente attraverso link di reindirizzamento posti nelle pagine del nostro sito. Nessun dato<br \/>\nderivante dalla consultazione del servizio web viene comunicato o diffuso.<br \/>\nAi sensi dell&#8217;articolo 13 del GDPR, pertanto, Le forniamo le seguenti informazioni:<br \/>\n1. La Societ\u00e0 raccoglie e tratta i Suoi dati personali per finalit\u00e0 necessarie o strumentali alla fornitura dei servizi da Lei<br \/>\nrichiesti e prestati tramite il presente sito, anche mediante comunicazione dei dati a societ\u00e0 terze di cui all&#8217;art. 5<br \/>\ndella presente informativa (nominate dalla Societ\u00e0 quali responsabili del trattamento dei dati) ai fini della gestione<br \/>\ntecnica e amministrativa dei servizi. I vostri dati potranno essere trattati per le finalit\u00e0 interne di compilazione di liste<br \/>\nanagrafiche, tenuta della contabilit\u00e0, fatturazione, gestione del creditore per la soddisfazione di tutti gli obblighi<br \/>\nprevisti dalle normative vigenti, scopi statistici, per comunicazioni, e servizi aggiuntivi da Lei esplicitamente richiesti.<br \/>\nLe basi giuridiche del trattamento, a seconda dei casi, possono essere il Suo consenso, l&#8217;esecuzione di un contratto di<br \/>\ncui Lei \u00e8 parte o l&#8217;adempimento di obblighi legali cui \u00e8 soggetta la Societ\u00e0 in qualit\u00e0 di Titolare del trattamento.<br \/>\n2. Il trattamento dei Suoi dati potr\u00e0 inoltre avvenire: (a) per inviare informazioni ed offerte commerciali di servizi<br \/>\nanaloghi a quelli da lei acquistati in occasione dell&#8217;accesso al Sito, salvo che Lei si opponga a questo trattamento<br \/>\nmediante invio di una mail all&#8217;indirizzo email (info@immobiliarelessona.it e, ove lei presti il suo consenso espresso,<br \/>\n(b) per inviare informazioni ed offerte commerciali, materiale pubblicitario e informativo, effettuare comunicazioni<br \/>\ncommerciali, anche interattive, compiere attivit\u00e0 dirette di vendita o di collocamento di prodotti o servizi, anche di<br \/>\nterzi.<br \/>\n3. Il trattamento sar\u00e0 effettuato sia manualmente che utilizzando strumenti elettronici, nell&#8217;osservanza di tutte le<br \/>\ncautele necessarie a garantire la sicurezza e la riservatezza delle informazioni.<br \/>\n4. I Suoi dati potranno essere trattati all&#8217;interno della nostra Societ\u00e0 da tutti gli incaricati al trattamento nominati per<br \/>\niscritto dal Titolare del trattamento e formati sugli obblighi della Legge in materia di Privacy.<br \/>\n5. I dati potranno essere comunicati a terze parti, esclusivamente per esigenze tecniche ed operative strettamente<br \/>\ncollegate alle finalit\u00e0 sopraelencate ed in particolare alle seguenti categorie di soggetti: a) Enti, professionisti, societ\u00e0<br \/>\no altre strutture da noi incaricate dei trattamenti connessi all&#8217;adempimento degli obblighi amministrativi, contabili,<br \/>\ncommerciali e gestionali legati all&#8217;ordinario svolgimento della nostra attivit\u00e0 economica, anche per finalit\u00e0 di<br \/>\nrecupero credito; b) Alle pubbliche autorit\u00e0 ed amministrazioni per le finalit\u00e0 connesse all&#8217;adempimento di obblighi<br \/>\nlegali; c) Banche, istituti finanziari o altri soggetti per cui il trasferimento dei dati risulti necessario ai fini dello<br \/>\nsvolgimento delle attivit\u00e0 della nostra Societ\u00e0, in particolare in relazione all&#8217;assolvimento, da parte nostra, delle<br \/>\nobbligazioni contrattuali assunte nei Suoi confronti.<br \/>\n6. I suoi dati personali saranno conservati nei server a disposizione della Societ\u00e0 collocati nell&#8217;Unione europea. La<br \/>\nSociet\u00e0 non effettua trasferimenti di dati personali verso Paesi al di fuori dell&#8217;Unione Europea.<br \/>\n7. I dati personali che la riguardano saranno conservati per tutto il tempo di durata del Suo rapporto contrattuale con la<br \/>\nSociet\u00e0. Successivamente alla cessazione del rapporto contrattuale, la Societ\u00e0 conserver\u00e0 i dati personali relativi<br \/>\nall&#8217;esecuzione del contratto per l&#8217;adempimento degli obblighi di contratto e di legge, anche di tipo fiscale.<br \/>\nSuccessivamente, i dati personali relativi all&#8217;esecuzione del contratto verranno conservati per un periodo non<br \/>\neccedente il termine di prescrizione previsto dalla legge per far eventualmente valere o difendere un diritto in<br \/>\ngiudizio.<br \/>\n8. Il conferimento dei Suoi dati personali \u00e8 facoltativo, fermo restando che il rifiuto di divulgare i dati o di prestare il<br \/>\nconsenso al trattamento di cui al punto 1 della presente informativa comporter\u00e0 l&#8217;impossibilit\u00e0, da parte nostra, di<br \/>\nconcludere il contratto ed erogare gli eventuali servizi richiesti e di adempiere agli obblighi di legge. In caso di rifiuto<br \/>\ndel trattamento dei dati personali di cui all&#8217;art. 2 della presente informativa, il trattamento sar\u00e0 limitato all&#8217;integrale<br \/>\nesecuzione degli obblighi derivanti dalla fornitura dei servizi da Lei richiesti, nonch\u00e9 all&#8217;adempimento degli obblighi<br \/>\nprevisti da leggi, regolamenti e normativa comunitaria.<br \/>\n9. Il Titolare del trattamento \u00e8 Cilli Marco, con sede legale in Via Carolina Invernizio, 1 &#8211; 20157 Miano (MI). L&#8217;elenco degli<br \/>\neventuali responsabili del trattamento dei dati personali \u00e8 disponibile presso gli uffici del Titolare e pu\u00f2 essere<br \/>\nrichiesto mediante l&#8217;invio di una mail all&#8217;indirizzo (info@immobiliarelessona.it<br \/>\n10. In ogni momento potr\u00e0 esercitare i Suoi diritti nei confronti del Titolare del trattamento, ai sensi degli artt. 15-22<br \/>\nGDPR, che per Sua comodit\u00e0 riassumiamo di seguito. In particolare, Lei ha il diritto:<br \/>\ndi ottenere la cessazione del trattamento nei casi in cui i suoi dati personali siano trattati per fini di marketing<br \/>\ndiretto, anche in relazione a servizi identici a quelli gi\u00e0 acquistati dalla nostra Societ\u00e0 (c.d. diritto di<br \/>\nopposizione);<br \/>\ndi ottenere informazioni in relazione alle finalit\u00e0 per cui i Suoi dati personali sono trattati, al periodo del<br \/>\ntrattamento e ai soggetti cui i dati sono comunicati (c.d. diritto di accesso);<br \/>\ndi ottenere la rettifica o integrazione dei dati personali inesatti che La riguardano (c.d. diritto di rettifica);<br \/>\ndi ottenere la cancellazione dei dati personali che La riguardano nei seguenti casi (a) i dati non siano pi\u00f9<br \/>\nnecessari per le finalit\u00e0 per le quali sono stati raccolti; (b) Lei abbia ritirato il Suo consenso al trattamento dei<br \/>\ndati qualora essi siano trattati sulla base del Suo consenso; (c) Lei si sia opposto al trattamento dei dati<br \/>\npersonali che La riguardano nel caso in cui essi siano trattari per un nostro legittimo interesse; o (d) il<br \/>\ntrattamento dei suoi dati personali non sia conforme alla legge. Tuttavia, Le segnaliamo che la conservazione<br \/>\ndei dati personali da parte della Societ\u00e0 \u00e8 lecita qualora sia necessaria per consentirle di adempiere un<br \/>\nobbligo legale o per accertare, esercitare o difendere un diritto in sede giudiziaria (c.d. diritto di<br \/>\ncancellazione);<br \/>\ndi ottenere che i dati personali che La riguardano siano solo conservati senza che di essi sia fatto altro uso nei<br \/>\nseguenti casi (a) Lei contesti l&#8217;esattezza dei dati personali, per il periodo necessario a consentirci di verificare<br \/>\nl&#8217;esattezza di tali dati personali; (b) il trattamento sia illecito ma Lei si opponga comunque alla cancellazione<br \/>\ndei dati personali da parte nostra; (c) i dati personali Le siano necessari per l&#8217;accertamento, l&#8217;esercizio o la<br \/>\ndifesa di un diritto in sede giudiziaria; (d) Lei si sia opposto al trattamento e si sia in attesa della verifica in<br \/>\nmerito all&#8217;eventuale prevalenza dei nostri motivi legittimi al trattamento rispetto a quelli dell&#8217;interessato (c.d.<br \/>\ndiritto di limitazione);<br \/>\ndi ricevere in un formato di uso comune, leggibile da dispositivo automatico e interoperabile i dati personali<br \/>\nche La riguardano trattati con mezzi automatizzati, se essi siano trattati in forza di contratto o sulla base del<br \/>\nSuo consenso (c.d. diritto di portabilit\u00e0).<br \/>\nLe ricordiamo inoltre che Lei ha diritto di rivolgersi al Garante per la protezione dei dati personali (Piazza di Monte<br \/>\nCitorio, 121 &#8211; 00186 Roma RM) per far valere i Suoi diritti in relazione al trattamento dei Suoi dati personali.<br \/>\nUso dei cookie<br \/>\nI cookie sono stringhe di testo di piccole dimensioni che i siti visitati dall&#8217;utente inviano al suo terminale (solitamente al<br \/>\nbrowser), dove vengono memorizzati per essere poi ritrasmessi agli stessi siti alla successiva visita del medesimo utente.<br \/>\nNel corso della navigazione su un sito, l&#8217;utente pu\u00f2 ricevere sul suo terminale anche cookie che vengono inviati da siti o da<br \/>\nweb server diversi (c.d. &#8220;terze parti&#8221;), sui quali possono risiedere alcuni elementi (quali, ad esempio, immagini, mappe,<br \/>\nsuoni, specifici link a pagine di altri domini) presenti sul sito che lo stesso sta visitando. Il sito web<br \/>\nwww.immobiliarelessona.it (di seguito, il &#8220;Sito&#8221;) utilizza i cookie per rendere i propri servizi semplici e efficienti per l&#8217;utenza<br \/>\nche visiona le pagine del Sito. Gli utenti che visionano il Sito, vedranno inserite delle quantit\u00e0 minime di informazioni nei<br \/>\ndispositivi in uso, che siano computer e periferiche mobili, in piccoli file di testo denominati &#8220;cookie&#8221; salvati nelle directory<br \/>\nutilizzate dal browser web dell&#8217;Utente. Vi sono vari tipi di cookie, alcuni per rendere pi\u00f9 efficace l&#8217;uso del Sito, altri per<br \/>\nabilitare determinate funzionalit\u00e0. Analizzandoli in maniera particolareggiata i nostri cookie permettono di:<br \/>\nmemorizzare le preferenze inserite dal visitatore;<br \/>\nevitare di reinserire le stesse informazioni pi\u00f9 volte durante la visita, quali ad esempio nome utente e password;<br \/>\nIl trattamento \u00e8 effettuato dal Titolare con strumenti automatizzati. Fatta eccezione per i cookie tecnici, strettamente<br \/>\nnecessari alla normale navigazione, il conferimento dei dati \u00e8 rimesso alla volont\u00e0 del visitatore che decida di navigare sul<br \/>\nSito dopo avere preso visione dell&#8217;informativa in forma breve (c.d. banner) e di usufruire dei servizi che comportano<br \/>\nl&#8217;installazione dei cookie. L&#8217;utente pu\u00f2 quindi evitare l&#8217;installazione dei cookie, eccezion fatta per i cookie tecnici,<br \/>\nastenendosi dall&#8217;intraprendere alcuna azione in corrispondenza del banner oppure attraverso le apposite funzioni disponibili<br \/>\nsui diversi browser, descritte nel dettaglio nella presente informativa.<br \/>\nTipologie di Cookie utilizzati dal Sito<br \/>\nCookie Tecnici (obbligatori)<br \/>\nQuesta tipologia di cookie permette il corretto funzionamento di alcune sezioni del Sito. Sono di due categorie:<br \/>\npersistenti e di sessione:<br \/>\npersistenti: una volta chiuso il browser non vengono distrutti ma rimangono fino ad una data di scadenza<br \/>\npreimpostata;<br \/>\ndi sessioni: vengono distrutti ogni volta che il browser viene chiuso.<br \/>\nQuesti cookie, inviati sempre dal nostro dominio, sono necessari a visualizzare correttamente il sito e in relazione ai<br \/>\nservizi tecnici offerti, verranno quindi sempre utilizzati e inviati, a meno che l&#8217;utenza non modifichi le impostazioni nel<br \/>\nproprio browser (inficiando cos\u00ec alcune funzionalit\u00e0 o la visualizzazione delle pagine del sito).<br \/>\nCookie analitici<br \/>\nI cookie in questa categoria vengono utilizzati per collezionare informazioni sull&#8217;uso del sito. Il Sito user\u00e0 queste<br \/>\ninformazioni in merito ad analisi statistiche anonime al fine di migliorare l&#8217;utilizzo del Sito e per rendere i contenuti pi\u00f9<br \/>\ninteressanti e attinenti ai desideri dell&#8217;utenza. Questa tipologia di cookie raccoglie dati in forma anonima sull&#8217;attivit\u00e0<br \/>\ndell&#8217;utenza e su come \u00e8 arrivata sul Sito. I cookie analitici sono inviati dal Sito Stesso o da domini di terze parti.<br \/>\nIl Sito utilizza Google Analytics, un servizio di analisi web fornito da Google, Inc. (&#8220;Google&#8221;) . Le informazioni generate dai<br \/>\ncookie sull&#8217;utilizzo del sito web (compreso il Vostro indirizzo IP in forma anonima) verranno trasmesse e depositate presso i<br \/>\nserver di Google. Google utilizzer\u00e0 queste informazioni allo scopo di esaminare il Vostro utilizzo del sito web, compilare<br \/>\nreport sulle attivit\u00e0 del sito per gli operatori dello stesso e fornire altri servizi relativi alle attivit\u00e0 del sito web e all&#8217;utilizzo di<br \/>\ninternet. Google pu\u00f2 anche trasferire queste informazioni a terzi ove ci\u00f2 sia imposto dalla legge o laddove tali terzi trattino<br \/>\nle suddette informazioni per conto di Google. Google non assocer\u00e0 il vostro indirizzo IP a nessun altro dato posseduto da<br \/>\nGoogle. Potete rifiutarvi di usare i cookies selezionando l&#8217;impostazione appropriata sul vostro browser, ma si noti che ci\u00f2<br \/>\npotrebbe compromettere la possibilit\u00e0 di fruire di determinate funzionalit\u00e0 di questo sito web. Utilizzando il presente sito<br \/>\nweb, Lei acconsente al trattamento dei Suoi dati da parte di Google per le modalit\u00e0 ed i fini sopraindicati. E&#8217; possibile<br \/>\nimpedire a Google il rilevamento di un cookie che viene generato dal Suo utilizzo di questo sito web (compreso il Suo<br \/>\nindirizzo IP) e l&#8217;elaborazione di tali dati, scaricando e installando il plugin per browser disponibile al seguente indirizzo web:<br \/>\nhttp:\/\/tools.google.com\/dlpage\/gaoptout?hl=en<br \/>\nCookie di analisi di servizi di terze parti<br \/>\nQuesti cookie sono utilizzati al fine di raccogliere informazioni sull&#8217;uso del Sito da parte degli utenti in forma anonima<br \/>\nquali: pagine visitate, tempo di permanenza, origini del traffico di provenienza, provenienza geografica, et\u00e0, genere e<br \/>\ninteressi ai fini di campagne di marketing. Questi cookie sono inviati da domini di terze parti esterni al Sito.<br \/>\nQuesta tipologia di cookie integra funzionalit\u00e0 sviluppate da terzi all&#8217;interno delle pagine del Sito come le icone e le<br \/>\npreferenze espresse nei social network al fine di condivisione dei contenuti del sito o per l&#8217;uso di servizi software di terze<br \/>\nparti (come i software per generare le mappe e ulteriori software che offrono servizi aggiuntivi). Questi cookie sono inviati da<br \/>\ndomini di terze parti e da siti partner che offrono le loro funzionalit\u00e0 tra le pagine del Sito.<br \/>\nMarcatori di pixel<br \/>\nQuesto sito web potrebbe utilizzare i \u201cmarcatori di pixel\u201d, ossia dei piccoli file grafici che consentono di monitorare l\u2019utilizzo<br \/>\ndel sito web. Un marcatore di pixel \u00e8 in grado di raccogliere informazioni come l\u2019indirizzo IP (protocollo Internet) del<br \/>\ncomputer che ha scaricato la pagina in cui appare il marcatore; l\u2019URL (Uniform Resource Locator) della pagina in cui appare<br \/>\nil marcatore di pixel; l\u2019ora in cui \u00e8 stata visualizzata la pagina contenente il marcatore di pixel; il tipo di browser che ha<br \/>\nprelevato il marcatore di pixel e il numero di identificazione di qualsiasi cookie presente nel computer e precedentemente<br \/>\ninserito da quel server. In caso di scambio di corrispondenza con gli utenti tramite messaggi di posta elettronica che<br \/>\nsupportano il formato HTML, \u00e8 possibile che sia utilizzata la tecnologia di \u201crilevamento del formato\u201d, che consente ai<br \/>\nmarcatori di pixel di comunicare se l\u2019interlocutore ha ricevuto e aperto il messaggio.<br \/>\nCookie di profilazione<br \/>\nSono quei cookie necessari a creare profili utenti al fine di inviare messaggi pubblicitari in linea con le preferenze<br \/>\nmanifestate dall&#8217;utente all&#8217;interno delle pagine del Sito.<br \/>\nIl Sito, secondo la normativa vigente, non \u00e8 tenuto a chiedere consenso per i cookie tecnici e di analytics che non<br \/>\npermettono di identificare l&#8217;utente, in quanto necessari a fornire i servizi richiesti. Per tutte le altre tipologie di cookie, il<br \/>\nconsenso pu\u00f2 essere espresso dall&#8217;Utente con una o pi\u00f9 di una delle seguenti modalit\u00e0:<br \/>\nMediante l&#8217;accettazione e la revoca espressa del consenso all&#8217;uso dei cookie all&#8217;interno del Sito. Clicca<br \/>\nqui: INSERIRE LINK A PAGINA DI REVOCA<br \/>\nMediante specifiche configurazioni del browser utilizzato o dei relativi programmi informatici utilizzati per<br \/>\nnavigare le pagine che compongono il Sito. Clicca qui: INSERIRE LINK A PAGINA DI REVOCA<br \/>\nMediante modifica delle impostazioni nell&#8217;uso dei servizi di terze parti. Clicca qui: INSERIRE LINK A PAGINA<br \/>\nDI REVOCA<br \/>\nLe predette soluzioni potrebbero impedire all&#8217;utente di utilizzare determinate funzionalit\u00e0 o visualizzare parti del Sito.<br \/>\nSiti Web e servizi di terze parti<br \/>\nIl Sito potrebbe contenere collegamenti ad altri siti Web che dispongono di una propria informativa sulla privacy che pu\u00f2<br \/>\nessere diverse da quella adottata dal Sito e che quindi non risponde di questi siti. Ad esempio, il Sito riporta collegamenti<br \/>\nalle pagine social di Immobiliare Lessona Di Cilli Marco su Facebook, Instagram, Twitter, Google+, LinkedIn, Pinterest e<br \/>\nYoutube. Si precisa che cliccare sui link a tali social network potrebbe comportare l&#8217;installazione di cookies da parte di tali<br \/>\nterze parti. Per maggiori informazioni, si rimanda alle rispettive informative sull&#8217;utilizzo dei cookies.<\/p>\n","protected":false},"excerpt":{"rendered":"<p>Informativa sulla tutela dei dati personali e sull&#8217;utilizz &#8230;<\/p>\n","protected":false},"author":1,"featured_media":-1,"parent":0,"menu_order":0,"comment_status":"closed","ping_status":"open","template":"","meta":{"footnotes":""},"class_list":["post-934","page","type-page","status-publish","has-post-thumbnail","hentry"],"aioseo_notices":[],"_links":{"self":[{"href":"https:\/\/www.immobiliarelessona.it\/zh\/wp-json\/wp\/v2\/pages\/934","targetHints":{"allow":["GET"]}}],"collection":[{"href":"https:\/\/www.immobiliarelessona.it\/zh\/wp-json\/wp\/v2\/pages"}],"about":[{"href":"https:\/\/www.immobiliarelessona.it\/zh\/wp-json\/wp\/v2\/types\/page"}],"author":[{"embeddable":true,"href":"https:\/\/www.immobiliarelessona.it\/zh\/wp-json\/wp\/v2\/users\/1"}],"replies":[{"embeddable":true,"href":"https:\/\/www.immobiliarelessona.it\/zh\/wp-json\/wp\/v2\/comments?post=934"}],"version-history":[{"count":4,"href":"https:\/\/www.immobiliarelessona.it\/zh\/wp-json\/wp\/v2\/pages\/934\/revisions"}],"predecessor-version":[{"id":4132,"href":"https:\/\/www.immobiliarelessona.it\/zh\/wp-json\/wp\/v2\/pages\/934\/revisions\/4132"}],"wp:featuredmedia":[{"embeddable":true,"href":"https:\/\/www.immobiliarelessona.it\/zh\/wp-json\/"}],"wp:attachment":[{"href":"https:\/\/www.immobiliarelessona.it\/zh\/wp-json\/wp\/v2\/media?parent=934"}],"curies":[{"name":"wp","href":"https:\/\/api.w.org\/{rel}","templated":true}]}}